{"id":8,"date":"2023-12-15T08:27:49","date_gmt":"2023-12-15T08:27:49","guid":{"rendered":"https:\/\/imprentaelprogreso.com\/?page_id=8"},"modified":"2025-03-27T13:16:20","modified_gmt":"2025-03-27T13:16:20","slug":"nosotros","status":"publish","type":"page","link":"https:\/\/imprentaelprogreso.com\/en\/nosotros","title":{"rendered":"NOSOTROS"},"content":{"rendered":"<p>[et_pb_section fb_built=\u00bb1&#8243; admin_label=\u00bbHeader\u00bb _builder_version=\u00bb4.23.4&#8243; _module_preset=\u00bbdefault\u00bb background_color=\u00bb#0C71C3&#8243; background_image=\u00bbhttps:\/\/imprentaelprogreso.com\/wp-content\/uploads\/2023\/12\/white-abstract-background-texture-design-pattern-element-product-display-with-banner-background-1.jpg\u00bb background_blend=\u00bbmultiply\u00bb overflow-x=\u00bbhidden\u00bb overflow-y=\u00bbhidden\u00bb custom_padding=\u00bb0px||0px||true|false\u00bb locked=\u00bboff\u00bb collapsed=\u00bbon\u00bb global_colors_info=\u00bb{%22gcid-e245d614-6d7c-461f-97dd-343376d28b53%22:%91%22background_color%22%93}\u00bb][et_pb_row column_structure=\u00bb1_2,1_2&#8243; use_custom_gutter=\u00bbon\u00bb make_equal=\u00bbon\u00bb _builder_version=\u00bb4.23.1&#8243; _module_preset=\u00bbdefault\u00bb width=\u00bb88%\u00bb custom_margin=\u00bb|42px||auto||\u00bb custom_padding=\u00bb0px|0px|0px||true|false\u00bb global_colors_info=\u00bb{}\u00bb][et_pb_column type=\u00bb1_2&#8243; _builder_version=\u00bb4.23.1&#8243; _module_preset=\u00bbdefault\u00bb background_enable_color=\u00bboff\u00bb z_index=\u00bb10&#8243; custom_padding=\u00bb3vw||60px||false|false\u00bb custom_padding_tablet=\u00bb||||false|false\u00bb custom_padding_phone=\u00bb||30px||false|false\u00bb custom_padding_last_edited=\u00bboff|desktop\u00bb global_colors_info=\u00bb{%22gcid-d2f7d5ae-cc39-41f1-9136-c1002bc0f33e%22:%91%22background_color%22%93,%22gcid-b58e2385-d7f3-4b8c-8c82-a83e7d966eb3%22:%91%22background_color%22%93}\u00bb][et_pb_text _builder_version=\u00bb4.24.2&#8243; _module_preset=\u00bbdefault\u00bb min_height=\u00bb56px\u00bb global_colors_info=\u00bb{}\u00bb]<\/p>\n<h1><span style=\"color: #ffffff;\"><strong>SOBRE NOSOTROS<\/strong><\/span><\/h1>\n<p>[\/et_pb_text][et_pb_button button_url=\u00bbhttps:\/\/imprentaelprogreso.com\/contacto\u00bb button_text=\u00bbIR A CONTACTO\u00bb _builder_version=\u00bb4.24.2&#8243; _module_preset=\u00bbba7e8fb3-7114-4b3c-b4b1-490fa7e282bb\u00bb custom_button=\u00bbon\u00bb button_text_size=\u00bb18px\u00bb button_text_color=\u00bb#FFFFFF\u00bb button_bg_color=\u00bb#000000&#8243; button_border_width=\u00bb0px\u00bb button_border_radius=\u00bb7px\u00bb button_font=\u00bbAlata||||||||\u00bb custom_margin=\u00bb-11px||24px|||\u00bb locked=\u00bboff\u00bb global_colors_info=\u00bb{}\u00bb][\/et_pb_button][\/et_pb_column][et_pb_column type=\u00bb1_2&#8243; _builder_version=\u00bb4.23.1&#8243; _module_preset=\u00bbdefault\u00bb custom_padding=\u00bb0px||0px||false|false\u00bb global_colors_info=\u00bb{}\u00bb][et_pb_image src=\u00bbhttps:\/\/imprentaelprogreso.com\/wp-content\/uploads\/2024\/04\/foto-sobre-nosotros-IMG_2325-scaled.jpg\u00bb title_text=\u00bb- foto sobre nosotros IMG_2325&#8243; _builder_version=\u00bb4.24.2&#8243; _module_preset=\u00bbdefault\u00bb width=\u00bb100%\u00bb min_height=\u00bb223.3px\u00bb custom_margin=\u00bb||62px|||\u00bb custom_padding=\u00bb|||0px||\u00bb global_colors_info=\u00bb{}\u00bb][\/et_pb_image][\/et_pb_column][\/et_pb_row][\/et_pb_section][et_pb_section fb_built=\u00bb1&#8243; admin_label=\u00bbHeader\u00bb _builder_version=\u00bb4.23.4&#8243; _module_preset=\u00bbdefault\u00bb background_color=\u00bb#efefef\u00bb min_height=\u00bb530.3px\u00bb custom_margin=\u00bb-57px|||||\u00bb custom_padding=\u00bb0px||0px||true|false\u00bb collapsed=\u00bbon\u00bb global_colors_info=\u00bb{}\u00bb][et_pb_row column_structure=\u00bb3_5,2_5&#8243; make_equal=\u00bbon\u00bb _builder_version=\u00bb4.24.2&#8243; _module_preset=\u00bbdefault\u00bb custom_padding=\u00bb0px||0px||true|false\u00bb border_color_all=\u00bb#0E2D41&#8243; border_width_bottom=\u00bb2px\u00bb border_color_bottom=\u00bbgcid-51d0ab6c-b59c-4777-8469-1f80cfbcd9d4&#8243; global_colors_info=\u00bb{%22gcid-51d0ab6c-b59c-4777-8469-1f80cfbcd9d4%22:%91%22border_color_bottom%22%93}\u00bb][et_pb_column type=\u00bb3_5&#8243; _builder_version=\u00bb4.20.0&#8243; _module_preset=\u00bbdefault\u00bb custom_padding=\u00bb6%||6%||true|false\u00bb global_colors_info=\u00bb{}\u00bb][et_pb_text _builder_version=\u00bb4.23.4&#8243; _module_preset=\u00bb870030c7-4cb2-43da-9392-ee15b6a5fb6c\u00bb header_font=\u00bbAlata|600|||||||\u00bb header_text_color=\u00bb#000000&#8243; header_font_size=\u00bb39px\u00bb background_color=\u00bbgcid-e245d614-6d7c-461f-97dd-343376d28b53&#8243; custom_margin=\u00bb||30px||false|false\u00bb animation_style=\u00bbflip\u00bb box_shadow_style=\u00bbpreset7&#8243; box_shadow_spread=\u00bb-6px\u00bb box_shadow_color=\u00bbrgba(255,255,255,0.17)\u00bb global_colors_info=\u00bb{%22gcid-e245d614-6d7c-461f-97dd-343376d28b53%22:%91%22background_color%22%93}\u00bb]<\/p>\n<h1>Nuestra Historia<\/h1>\n<p>[\/et_pb_text][et_pb_text _builder_version=\u00bb4.23.4&#8243; _module_preset=\u00bb25f2e295-c2bc-4cf6-bff8-6d9af6446887&#8243; text_font=\u00bbAlata||||||||\u00bb text_text_color=\u00bb#000000&#8243; text_font_size=\u00bb19px\u00bb custom_margin=\u00bb||30px||false|false\u00bb global_colors_info=\u00bb{}\u00bb]<\/p>\n<p>Somos una empresa con m\u00e1s de\u00a0<strong>100 a\u00f1os de experiencia<\/strong>\u00a0en el sector, pero a la vez tenemos una moderna, joven y din\u00e1mica organizaci\u00f3n. Gr\u00e1ficas Antequeranas El Progreso est\u00e1 compuesta por un equipo de profesionales capacitados para llevar a cabo todo tipo de proyectos y dar soluci\u00f3n a problemas de impresi\u00f3n.<\/p>\n<p><strong>Nuestros servicios abarcan todo el proceso<\/strong>. Desde el dise\u00f1o o la maquetaci\u00f3n, pasando por la impresi\u00f3n, el acabado y la distribuci\u00f3n, ya sean unas simples tarjetas o el cat\u00e1logo m\u00e1s complejo.<\/p>\n<p>[\/et_pb_text][\/et_pb_column][et_pb_column type=\u00bb2_5&#8243; _builder_version=\u00bb4.24.2&#8243; _module_preset=\u00bbdefault\u00bb background_image=\u00bbhttps:\/\/imprentaelprogreso.com\/wp-content\/uploads\/2024\/04\/foto-nuestra-historia-IMG_2349-scaled.jpg\u00bb border_color_all=\u00bb#0E2D41&#8243; border_width_left=\u00bb2px\u00bb border_color_left=\u00bbgcid-8e8d36d9-7e54-44d5-b1ac-2597c4fd4273&#8243; global_colors_info=\u00bb{%22gcid-8e8d36d9-7e54-44d5-b1ac-2597c4fd4273%22:%91%22border_color_left%22%93}\u00bb][\/et_pb_column][\/et_pb_row][\/et_pb_section][et_pb_section fb_built=\u00bb1&#8243; _builder_version=\u00bb4.23.4&#8243; _module_preset=\u00bbdefault\u00bb background_enable_color=\u00bboff\u00bb global_colors_info=\u00bb{}\u00bb][et_pb_row column_structure=\u00bb1_3,2_3&#8243; _builder_version=\u00bb4.23.1&#8243; _module_preset=\u00bbdefault\u00bb global_colors_info=\u00bb{}\u00bb][et_pb_column type=\u00bb1_3&#8243; _builder_version=\u00bb4.20.0&#8243; _module_preset=\u00bbdefault\u00bb global_colors_info=\u00bb{}\u00bb][et_pb_image src=\u00bbhttps:\/\/imprentaelprogreso.com\/wp-content\/uploads\/2024\/04\/fotos-equipo.jpg\u00bb title_text=\u00bb- fotos equipo\u00bb _builder_version=\u00bb4.24.2&#8243; _module_preset=\u00bbdefault\u00bb width=\u00bb100%\u00bb custom_margin=\u00bb||12px|||\u00bb custom_padding=\u00bb|0px|16px|||\u00bb global_colors_info=\u00bb{}\u00bb][\/et_pb_image][\/et_pb_column][et_pb_column type=\u00bb2_3&#8243; _builder_version=\u00bb4.20.0&#8243; _module_preset=\u00bbdefault\u00bb global_colors_info=\u00bb{}\u00bb][et_pb_text _builder_version=\u00bb4.23.4&#8243; _module_preset=\u00bba91c7e6b-b3b4-4699-a03b-221742842de6&#8243; header_font=\u00bbAlata|600|||||||\u00bb header_text_color=\u00bb#FFFFFF\u00bb header_2_font=\u00bbAlata|600|||||||\u00bb header_2_text_color=\u00bb#FFFFFF\u00bb header_2_font_size=\u00bb49px\u00bb background_color=\u00bb#0C71C3&#8243; custom_margin=\u00bb||30px||false|false\u00bb animation_style=\u00bbflip\u00bb box_shadow_style=\u00bbpreset7&#8243; box_shadow_horizontal=\u00bb-11px\u00bb locked=\u00bboff\u00bb global_colors_info=\u00bb{%22gcid-e245d614-6d7c-461f-97dd-343376d28b53%22:%91%22background_color%22%93}\u00bb]<\/p>\n<h2>Nuestro Equipo<\/h2>\n<p>[\/et_pb_text][et_pb_text _builder_version=\u00bb4.23.4&#8243; _module_preset=\u00bb25f2e295-c2bc-4cf6-bff8-6d9af6446887&#8243; text_font=\u00bbAlata||||||||\u00bb text_font_size=\u00bb20px\u00bb custom_margin=\u00bb||30px||false|false\u00bb global_colors_info=\u00bb{}\u00bb][\/et_pb_text][et_pb_blurb title=\u00bbComprometidos\u00bb use_icon=\u00bbon\u00bb font_icon=\u00bb&#xf14a;||fa||900&#8243; icon_color=\u00bb#0C71C3&#8243; icon_placement=\u00bbleft\u00bb _builder_version=\u00bb4.23.1&#8243; _module_preset=\u00bbf8c18758-b7b3-4ebd-85e3-b8058b9bdda2&#8243; header_font=\u00bbAlata|600|||||||\u00bb header_text_color=\u00bb#0C71C3&#8243; header_font_size=\u00bb23px\u00bb body_font=\u00bbAlata|800|||||||\u00bb body_text_color=\u00bb#000000&#8243; body_font_size=\u00bb15px\u00bb locked=\u00bboff\u00bb global_colors_info=\u00bb{%22gcid-1b9885b1-d5db-4c39-ab49-d8f90e824600%22:%91%22quote_border_color%22,%22icon_color%22,%22quote_border_color%22,%22icon_color%22%93,%22gcid-555099d8-0bfe-48de-9d1d-02daa12bfc00%22:%91%22header_text_color%22,%22header_text_color%22%93}\u00bb]<\/p>\n<p><span>Buscamos siempre el excelente en nuestro trabajo<\/span><\/p>\n<p>[\/et_pb_blurb][et_pb_blurb title=\u00bbAltas habilidades\u00bb use_icon=\u00bbon\u00bb font_icon=\u00bb&#xf14a;||fa||900&#8243; icon_color=\u00bb#0C71C3&#8243; icon_placement=\u00bbleft\u00bb _builder_version=\u00bb4.23.1&#8243; _module_preset=\u00bbf8c18758-b7b3-4ebd-85e3-b8058b9bdda2&#8243; header_font=\u00bbAlata|600|||||||\u00bb header_text_color=\u00bb#0C71C3&#8243; header_font_size=\u00bb23px\u00bb body_font=\u00bbAlata|800|||||||\u00bb body_text_color=\u00bb#000000&#8243; body_font_size=\u00bb15px\u00bb locked=\u00bboff\u00bb global_colors_info=\u00bb{%22gcid-1b9885b1-d5db-4c39-ab49-d8f90e824600%22:%91%22quote_border_color%22,%22icon_color%22,%22quote_border_color%22,%22icon_color%22%93,%22gcid-555099d8-0bfe-48de-9d1d-02daa12bfc00%22:%91%22header_text_color%22,%22header_text_color%22%93}\u00bb]<\/p>\n<p><span>Profesionales altamente capacitados en sus campos.<\/span><\/p>\n<p>[\/et_pb_blurb][et_pb_blurb title=\u00bbSuper Eficientes\u00bb use_icon=\u00bbon\u00bb font_icon=\u00bb&#xf14a;||fa||900&#8243; icon_color=\u00bb#0C71C3&#8243; icon_placement=\u00bbleft\u00bb _builder_version=\u00bb4.23.4&#8243; _module_preset=\u00bbf8c18758-b7b3-4ebd-85e3-b8058b9bdda2&#8243; header_font=\u00bbAlata|600|||||||\u00bb header_text_color=\u00bb#0C71C3&#8243; header_font_size=\u00bb23px\u00bb body_font=\u00bbAlata|800|||||||\u00bb body_text_color=\u00bb#000000&#8243; body_font_size=\u00bb15px\u00bb locked=\u00bboff\u00bb global_colors_info=\u00bb{%22gcid-1b9885b1-d5db-4c39-ab49-d8f90e824600%22:%91%22quote_border_color%22,%22icon_color%22,%22quote_border_color%22,%22icon_color%22%93,%22gcid-555099d8-0bfe-48de-9d1d-02daa12bfc00%22:%91%22header_text_color%22,%22header_text_color%22%93}\u00bb]<\/p>\n<p><span>La experiencia de nuestros trabajadores provoca que los proyectos se realicen de la manera m\u00e1s r\u00e1pida y eficiente.<\/span><\/p>\n<p>[\/et_pb_blurb][\/et_pb_column][\/et_pb_row][\/et_pb_section][et_pb_section fb_built=\u00bb1&#8243; admin_label=\u00bbPage Title Section\u00bb _builder_version=\u00bb4.23.1&#8243; use_background_color_gradient=\u00bbon\u00bb background_color_gradient_direction=\u00bb120deg\u00bb background_color_gradient_stops=\u00bb#000000 0%|rgba(0,0,0,0) 100%\u00bb background_color_gradient_overlays_image=\u00bbon\u00bb background_color_gradient_start=\u00bb#000000&#8243; background_color_gradient_end=\u00bbrgba(0,0,0,0)\u00bb background_image=\u00bbhttps:\/\/imprentaelprogreso.com\/wp-content\/uploads\/2023\/12\/modern-abstract-blue-background-your-project.jpg\u00bb custom_padding=\u00bb33px||53px||false|false\u00bb global_colors_info=\u00bb{}\u00bb][et_pb_row column_structure=\u00bb1_2,1_2&#8243; _builder_version=\u00bb4.16&#8243; background_size=\u00bbinitial\u00bb background_position=\u00bbtop_left\u00bb background_repeat=\u00bbrepeat\u00bb global_colors_info=\u00bb{}\u00bb][et_pb_column type=\u00bb1_2&#8243; _builder_version=\u00bb4.16&#8243; custom_padding=\u00bb|||\u00bb global_colors_info=\u00bb{}\u00bb custom_padding__hover=\u00bb|||\u00bb][et_pb_text admin_label=\u00bbPage Title\u00bb _builder_version=\u00bb4.23.1&#8243; text_font=\u00bb||||||||\u00bb header_font=\u00bbAlata|700|||||||\u00bb header_font_size=\u00bb60px\u00bb header_2_font=\u00bb||||||||\u00bb background_layout=\u00bbdark\u00bb custom_margin=\u00bb||20px|\u00bb custom_padding=\u00bb|||\u00bb animation_style=\u00bbfade\u00bb header_font_size_tablet=\u00bb\u00bb header_font_size_phone=\u00bb40px\u00bb header_font_size_last_edited=\u00bbon|phone\u00bb global_colors_info=\u00bb{}\u00bb]<\/p>\n<h1>CON\u00d3CENOS<\/h1>\n<p>[\/et_pb_text][\/et_pb_column][et_pb_column type=\u00bb1_2&#8243; _builder_version=\u00bb4.16&#8243; custom_padding=\u00bb|||\u00bb global_colors_info=\u00bb{}\u00bb custom_padding__hover=\u00bb|||\u00bb][\/et_pb_column][\/et_pb_row][\/et_pb_section][et_pb_section fb_built=\u00bb1&#8243; admin_label=\u00bbTeam\u00bb _builder_version=\u00bb4.16&#8243; background_color=\u00bb#efe9e4&#8243; custom_padding=\u00bb29px||90px|||\u00bb global_colors_info=\u00bb{}\u00bb][et_pb_row column_structure=\u00bb1_3,1_3,1_3&#8243; use_custom_gutter=\u00bbon\u00bb gutter_width=\u00bb2&#8243; _builder_version=\u00bb4.23.1&#8243; _module_preset=\u00bbdefault\u00bb global_colors_info=\u00bb{}\u00bb][et_pb_column type=\u00bb1_3&#8243; _builder_version=\u00bb4.23.1&#8243; _module_preset=\u00bbdefault\u00bb global_colors_info=\u00bb{}\u00bb][et_pb_image src=\u00bbhttps:\/\/imprentaelprogreso.com\/wp-content\/uploads\/2025\/03\/anuncio-personal-empresa-desi.jpg\u00bb title_text=\u00bbanuncio personal empresa desi\u00bb _builder_version=\u00bb4.27.4&#8243; _module_preset=\u00bbdefault\u00bb hover_enabled=\u00bb0&#8243; global_colors_info=\u00bb{}\u00bb sticky_enabled=\u00bb0&#8243;][\/et_pb_image][\/et_pb_column][et_pb_column type=\u00bb1_3&#8243; _builder_version=\u00bb4.24.2&#8243; _module_preset=\u00bbdefault\u00bb global_colors_info=\u00bb{}\u00bb][et_pb_image src=\u00bbhttps:\/\/imprentaelprogreso.com\/wp-content\/uploads\/2023\/12\/anuncio-personal-empresa-JUANMI.jpg\u00bb title_text=\u00bbanuncio personal empresa JUANMI\u00bb _builder_version=\u00bb4.23.1&#8243; _module_preset=\u00bbdefault\u00bb global_colors_info=\u00bb{}\u00bb][\/et_pb_image][\/et_pb_column][et_pb_column type=\u00bb1_3&#8243; _builder_version=\u00bb4.23.1&#8243; _module_preset=\u00bbdefault\u00bb global_colors_info=\u00bb{}\u00bb][et_pb_image src=\u00bbhttps:\/\/imprentaelprogreso.com\/wp-content\/uploads\/2025\/03\/anuncio-personal-empresa-VICENTE.jpg\u00bb title_text=\u00bbanuncio personal empresa VICENTE\u00bb _builder_version=\u00bb4.27.4&#8243; _module_preset=\u00bbdefault\u00bb hover_enabled=\u00bb0&#8243; global_colors_info=\u00bb{}\u00bb theme_builder_area=\u00bbpost_content\u00bb sticky_enabled=\u00bb0&#8243;][\/et_pb_image][\/et_pb_column][\/et_pb_row][et_pb_row column_structure=\u00bb1_3,1_3,1_3&#8243; use_custom_gutter=\u00bbon\u00bb gutter_width=\u00bb2&#8243; _builder_version=\u00bb4.23.1&#8243; _module_preset=\u00bbdefault\u00bb global_colors_info=\u00bb{}\u00bb][et_pb_column type=\u00bb1_3&#8243; _builder_version=\u00bb4.23.1&#8243; _module_preset=\u00bbdefault\u00bb global_colors_info=\u00bb{}\u00bb][et_pb_image src=\u00bbhttps:\/\/imprentaelprogreso.com\/wp-content\/uploads\/2023\/12\/anuncio-personal-empresa-pepe.jpg\u00bb title_text=\u00bbanuncio personal empresa pepe\u00bb _builder_version=\u00bb4.23.1&#8243; _module_preset=\u00bbdefault\u00bb global_colors_info=\u00bb{}\u00bb][\/et_pb_image][\/et_pb_column][et_pb_column type=\u00bb1_3&#8243; _builder_version=\u00bb4.24.2&#8243; _module_preset=\u00bbdefault\u00bb global_colors_info=\u00bb{}\u00bb][et_pb_image src=\u00bbhttps:\/\/imprentaelprogreso.com\/wp-content\/uploads\/2023\/12\/anuncio-personal-empresa-MARIA.jpg\u00bb title_text=\u00bbanuncio personal empresa MARIA\u00bb _builder_version=\u00bb4.23.1&#8243; _module_preset=\u00bbdefault\u00bb global_colors_info=\u00bb{}\u00bb][\/et_pb_image][\/et_pb_column][et_pb_column type=\u00bb1_3&#8243; _builder_version=\u00bb4.24.2&#8243; _module_preset=\u00bbdefault\u00bb global_colors_info=\u00bb{}\u00bb][et_pb_image src=\u00bbhttps:\/\/imprentaelprogreso.com\/wp-content\/uploads\/2023\/12\/anuncio-personal-empresa-MANOLO.jpg\u00bb title_text=\u00bbanuncio personal empresa MANOLO\u00bb _builder_version=\u00bb4.23.1&#8243; _module_preset=\u00bbdefault\u00bb global_colors_info=\u00bb{}\u00bb][\/et_pb_image][\/et_pb_column][\/et_pb_row][et_pb_row column_structure=\u00bb1_3,1_3,1_3&#8243; use_custom_gutter=\u00bbon\u00bb gutter_width=\u00bb2&#8243; _builder_version=\u00bb4.23.1&#8243; _module_preset=\u00bbdefault\u00bb global_colors_info=\u00bb{}\u00bb][et_pb_column type=\u00bb1_3&#8243; _builder_version=\u00bb4.23.1&#8243; _module_preset=\u00bbdefault\u00bb global_colors_info=\u00bb{}\u00bb][et_pb_image src=\u00bbhttps:\/\/imprentaelprogreso.com\/wp-content\/uploads\/2023\/12\/adri.jpg\u00bb title_text=\u00bbadri\u00bb _builder_version=\u00bb4.23.1&#8243; _module_preset=\u00bbdefault\u00bb hover_enabled=\u00bb0&#8243; global_colors_info=\u00bb{}\u00bb sticky_enabled=\u00bb0&#8243;][\/et_pb_image][\/et_pb_column][et_pb_column type=\u00bb1_3&#8243; _builder_version=\u00bb4.23.1&#8243; _module_preset=\u00bbdefault\u00bb global_colors_info=\u00bb{}\u00bb][et_pb_image src=\u00bbhttps:\/\/imprentaelprogreso.com\/wp-content\/uploads\/2024\/04\/furgo.jpg\u00bb title_text=\u00bbfurgo\u00bb _builder_version=\u00bb4.24.2&#8243; _module_preset=\u00bbdefault\u00bb global_colors_info=\u00bb{}\u00bb][\/et_pb_image][\/et_pb_column][et_pb_column type=\u00bb1_3&#8243; _builder_version=\u00bb4.24.2&#8243; _module_preset=\u00bbdefault\u00bb global_colors_info=\u00bb{}\u00bb][\/et_pb_column][\/et_pb_row][\/et_pb_section]<\/p>\n","protected":false},"excerpt":{"rendered":"<p>SOBRE NOSOTROSNuestra HistoriaSomos una empresa con m\u00e1s de\u00a0100 a\u00f1os de experiencia\u00a0en el sector, pero a la vez tenemos una moderna, joven y din\u00e1mica organizaci\u00f3n. Gr\u00e1ficas Antequeranas El Progreso est\u00e1 compuesta por un equipo de profesionales capacitados para llevar a cabo todo tipo de proyectos y dar soluci\u00f3n a problemas de impresi\u00f3n. Nuestros servicios abarcan todo [&hellip;]<\/p>\n","protected":false},"author":1,"featured_media":0,"parent":0,"menu_order":0,"comment_status":"closed","ping_status":"closed","template":"","meta":{"_et_pb_use_builder":"on","_et_pb_old_content":"","_et_gb_content_width":"","footnotes":""},"class_list":["post-8","page","type-page","status-publish","hentry"],"_links":{"self":[{"href":"https:\/\/imprentaelprogreso.com\/en\/wp-json\/wp\/v2\/pages\/8","targetHints":{"allow":["GET"]}}],"collection":[{"href":"https:\/\/imprentaelprogreso.com\/en\/wp-json\/wp\/v2\/pages"}],"about":[{"href":"https:\/\/imprentaelprogreso.com\/en\/wp-json\/wp\/v2\/types\/page"}],"author":[{"embeddable":true,"href":"https:\/\/imprentaelprogreso.com\/en\/wp-json\/wp\/v2\/users\/1"}],"replies":[{"embeddable":true,"href":"https:\/\/imprentaelprogreso.com\/en\/wp-json\/wp\/v2\/comments?post=8"}],"version-history":[{"count":20,"href":"https:\/\/imprentaelprogreso.com\/en\/wp-json\/wp\/v2\/pages\/8\/revisions"}],"predecessor-version":[{"id":652,"href":"https:\/\/imprentaelprogreso.com\/en\/wp-json\/wp\/v2\/pages\/8\/revisions\/652"}],"wp:attachment":[{"href":"https:\/\/imprentaelprogreso.com\/en\/wp-json\/wp\/v2\/media?parent=8"}],"curies":[{"name":"wp","href":"https:\/\/api.w.org\/{rel}","templated":true}]}}